{"id":328,"date":"2023-10-08T02:24:09","date_gmt":"2023-10-08T07:24:09","guid":{"rendered":"http:\/\/fuerzamoderna.org.pe\/wordpress\/?page_id=328"},"modified":"2025-03-27T16:03:26","modified_gmt":"2025-03-27T21:03:26","slug":"sobre-nosotros","status":"publish","type":"page","link":"https:\/\/www.fuerzamoderna.org.pe\/?page_id=328","title":{"rendered":"Sobre Nosotros"},"content":{"rendered":"\t\t<div data-elementor-type=\"wp-page\" data-elementor-id=\"328\" class=\"elementor elementor-328\">\n\t\t\t\t\t\t\t\t\t<section class=\"elementor-section elementor-top-section elementor-element elementor-element-66729aeb elementor-section-content-middle elementor-reverse-mobile elementor-section-boxed elementor-section-height-default elementor-section-height-default\" data-id=\"66729aeb\" data-element_type=\"section\" data-settings=\"{&quot;background_background&quot;:&quot;classic&quot;}\">\n\t\t\t\t\t\t<div class=\"elementor-container elementor-column-gap-no\">\n\t\t\t\t\t<div class=\"elementor-column elementor-col-50 elementor-top-column elementor-element elementor-element-5d2da01c\" data-id=\"5d2da01c\" data-element_type=\"column\">\n\t\t\t<div class=\"elementor-widget-wrap elementor-element-populated\">\n\t\t\t\t\t\t\t\t<div class=\"elementor-element elementor-element-309ed9d7 elementor-widget elementor-widget-heading\" data-id=\"309ed9d7\" data-element_type=\"widget\" data-widget_type=\"heading.default\">\n\t\t\t\t<div class=\"elementor-widget-container\">\n\t\t\t<style>\/*! elementor - v3.15.0 - 20-08-2023 *\/\n.elementor-heading-title{padding:0;margin:0;line-height:1}.elementor-widget-heading .elementor-heading-title[class*=elementor-size-]>a{color:inherit;font-size:inherit;line-height:inherit}.elementor-widget-heading .elementor-heading-title.elementor-size-small{font-size:15px}.elementor-widget-heading .elementor-heading-title.elementor-size-medium{font-size:19px}.elementor-widget-heading .elementor-heading-title.elementor-size-large{font-size:29px}.elementor-widget-heading .elementor-heading-title.elementor-size-xl{font-size:39px}.elementor-widget-heading .elementor-heading-title.elementor-size-xxl{font-size:59px}<\/style><h4 class=\"elementor-heading-title elementor-size-default\">CEN - COMITE EJECUTIVO NACIONAL <\/h4>\t\t<\/div>\n\t\t\t\t<\/div>\n\t\t\t\t\t<\/div>\n\t\t<\/div>\n\t\t\t\t<div class=\"elementor-column elementor-col-50 elementor-top-column elementor-element elementor-element-2ae4bcd7\" data-id=\"2ae4bcd7\" data-element_type=\"column\">\n\t\t\t<div class=\"elementor-widget-wrap elementor-element-populated\">\n\t\t\t\t\t\t\t\t<div class=\"elementor-element elementor-element-98f0062 elementor-widget__width-initial elementor-widget elementor-widget-image\" data-id=\"98f0062\" data-element_type=\"widget\" data-widget_type=\"image.default\">\n\t\t\t\t<div class=\"elementor-widget-container\">\n\t\t\t<style>\/*! elementor - v3.15.0 - 20-08-2023 *\/\n.elementor-widget-image{text-align:center}.elementor-widget-image a{display:inline-block}.elementor-widget-image a img[src$=\".svg\"]{width:48px}.elementor-widget-image img{vertical-align:middle;display:inline-block}<\/style>\t\t\t\t\t\t\t\t\t\t\t\t<img loading=\"lazy\" decoding=\"async\" width=\"1130\" height=\"622\" src=\"https:\/\/www.fuerzamoderna.org.pe\/wp-content\/uploads\/2023\/12\/CEN1-e1702417685580.png\" class=\"attachment-1536x1536 size-1536x1536 wp-image-1078\" alt=\"\" srcset=\"https:\/\/www.fuerzamoderna.org.pe\/wp-content\/uploads\/2023\/12\/CEN1-e1702417685580.png 1130w, https:\/\/www.fuerzamoderna.org.pe\/wp-content\/uploads\/2023\/12\/CEN1-e1702417685580-300x165.png 300w, https:\/\/www.fuerzamoderna.org.pe\/wp-content\/uploads\/2023\/12\/CEN1-e1702417685580-1024x564.png 1024w, https:\/\/www.fuerzamoderna.org.pe\/wp-content\/uploads\/2023\/12\/CEN1-e1702417685580-768x423.png 768w\" sizes=\"auto, (max-width: 1130px) 100vw, 1130px\" \/>\t\t\t\t\t\t\t\t\t\t\t\t\t\t\t<\/div>\n\t\t\t\t<\/div>\n\t\t\t\t\t<\/div>\n\t\t<\/div>\n\t\t\t\t\t\t\t<\/div>\n\t\t<\/section>\n\t\t\t\t<section class=\"elementor-section elementor-top-section elementor-element elementor-element-327bbf0 elementor-section-boxed elementor-section-height-default elementor-section-height-default\" data-id=\"327bbf0\" data-element_type=\"section\" data-settings=\"{&quot;background_background&quot;:&quot;classic&quot;}\">\n\t\t\t\t\t\t<div class=\"elementor-container elementor-column-gap-default\">\n\t\t\t\t\t<div class=\"elementor-column elementor-col-50 elementor-top-column elementor-element elementor-element-0f527af\" data-id=\"0f527af\" data-element_type=\"column\">\n\t\t\t<div class=\"elementor-widget-wrap elementor-element-populated\">\n\t\t\t\t\t\t\t\t<div class=\"elementor-element elementor-element-1e4eccf elementor-widget elementor-widget-heading\" data-id=\"1e4eccf\" data-element_type=\"widget\" data-widget_type=\"heading.default\">\n\t\t\t\t<div class=\"elementor-widget-container\">\n\t\t\t<h2 class=\"elementor-heading-title elementor-size-default\">Acta de Fundaci\u00f3n del Partido Pol\u00edtico<br>Fuerza Moderna<\/h2>\t\t<\/div>\n\t\t\t\t<\/div>\n\t\t\t\t<div class=\"elementor-element elementor-element-d466fba elementor-align-center elementor-widget elementor-widget-button\" data-id=\"d466fba\" data-element_type=\"widget\" data-widget_type=\"button.default\">\n\t\t\t\t<div class=\"elementor-widget-container\">\n\t\t\t\t\t<div class=\"elementor-button-wrapper\">\n\t\t\t<a class=\"elementor-button elementor-button-link elementor-size-sm\" href=\"https:\/\/acrobat.adobe.com\/id\/urn:aaid:sc:VA6C2:8f52ab9d-c84f-4d7a-9c13-7ffb131a9507\">\n\t\t\t\t\t\t<span class=\"elementor-button-content-wrapper\">\n\t\t\t\t\t\t<span class=\"elementor-button-text\">DESCARGAR<\/span>\n\t\t<\/span>\n\t\t\t\t\t<\/a>\n\t\t<\/div>\n\t\t\t\t<\/div>\n\t\t\t\t<\/div>\n\t\t\t\t\t<\/div>\n\t\t<\/div>\n\t\t\t\t<div class=\"elementor-column elementor-col-50 elementor-top-column elementor-element elementor-element-ccf838c\" data-id=\"ccf838c\" data-element_type=\"column\">\n\t\t\t<div class=\"elementor-widget-wrap elementor-element-populated\">\n\t\t\t\t\t\t\t\t<div class=\"elementor-element elementor-element-5e9964d elementor-widget elementor-widget-pdf_viewer\" data-id=\"5e9964d\" data-element_type=\"widget\" data-widget_type=\"pdf_viewer.default\">\n\t\t\t\t<div class=\"elementor-widget-container\">\n\t\t\t<iframe src=\"https:\/\/docs.google.com\/viewer?url=http:\/\/www.fuerzamoderna.org.pe\/wp-content\/uploads\/2023\/12\/ACTA-DE-FUNDACION-VERSION-FINAL.pdf&amp;embedded=true\" style=\"display: block; margin-left: auto; margin-right: auto; width: 640px; height: 650px;\" frameborder=\"1\" marginheight=\"0px\" marginwidth=\"0px\" allowfullscreen><\/iframe>\t\t<\/div>\n\t\t\t\t<\/div>\n\t\t\t\t\t<\/div>\n\t\t<\/div>\n\t\t\t\t\t\t\t<\/div>\n\t\t<\/section>\n\t\t\t\t<section class=\"elementor-section elementor-top-section elementor-element elementor-element-c7e6a3c elementor-section-boxed elementor-section-height-default elementor-section-height-default\" data-id=\"c7e6a3c\" data-element_type=\"section\">\n\t\t\t\t\t\t<div class=\"elementor-container elementor-column-gap-default\">\n\t\t\t\t\t<div class=\"elementor-column elementor-col-50 elementor-top-column elementor-element elementor-element-189a327\" data-id=\"189a327\" data-element_type=\"column\">\n\t\t\t<div class=\"elementor-widget-wrap elementor-element-populated\">\n\t\t\t\t\t\t\t\t<div class=\"elementor-element elementor-element-4b97a36 elementor-widget elementor-widget-image\" data-id=\"4b97a36\" data-element_type=\"widget\" data-widget_type=\"image.default\">\n\t\t\t\t<div class=\"elementor-widget-container\">\n\t\t\t\t\t\t\t\t\t\t\t\t\t\t\t<img loading=\"lazy\" decoding=\"async\" width=\"653\" height=\"847\" src=\"https:\/\/www.fuerzamoderna.org.pe\/wp-content\/uploads\/2023\/11\/Portada-Estatuto.png\" class=\"attachment-large size-large wp-image-338\" alt=\"\" srcset=\"https:\/\/www.fuerzamoderna.org.pe\/wp-content\/uploads\/2023\/11\/Portada-Estatuto.png 653w, https:\/\/www.fuerzamoderna.org.pe\/wp-content\/uploads\/2023\/11\/Portada-Estatuto-231x300.png 231w\" sizes=\"auto, (max-width: 653px) 100vw, 653px\" \/>\t\t\t\t\t\t\t\t\t\t\t\t\t\t\t<\/div>\n\t\t\t\t<\/div>\n\t\t\t\t\t<\/div>\n\t\t<\/div>\n\t\t\t\t<div class=\"elementor-column elementor-col-50 elementor-top-column elementor-element elementor-element-74920dc\" data-id=\"74920dc\" data-element_type=\"column\">\n\t\t\t<div class=\"elementor-widget-wrap elementor-element-populated\">\n\t\t\t\t\t\t\t\t<div class=\"elementor-element elementor-element-31f69c1 elementor-widget elementor-widget-heading\" data-id=\"31f69c1\" data-element_type=\"widget\" data-widget_type=\"heading.default\">\n\t\t\t\t<div class=\"elementor-widget-container\">\n\t\t\t<h2 class=\"elementor-heading-title elementor-size-default\">Conoce nuestro Estatuto<\/h2>\t\t<\/div>\n\t\t\t\t<\/div>\n\t\t\t\t<div class=\"elementor-element elementor-element-87ee04e elementor-widget elementor-widget-text-editor\" data-id=\"87ee04e\" data-element_type=\"widget\" data-widget_type=\"text-editor.default\">\n\t\t\t\t<div class=\"elementor-widget-container\">\n\t\t\t<style>\/*! elementor - v3.15.0 - 20-08-2023 *\/\n.elementor-widget-text-editor.elementor-drop-cap-view-stacked .elementor-drop-cap{background-color:#69727d;color:#fff}.elementor-widget-text-editor.elementor-drop-cap-view-framed .elementor-drop-cap{color:#69727d;border:3px solid;background-color:transparent}.elementor-widget-text-editor:not(.elementor-drop-cap-view-default) .elementor-drop-cap{margin-top:8px}.elementor-widget-text-editor:not(.elementor-drop-cap-view-default) .elementor-drop-cap-letter{width:1em;height:1em}.elementor-widget-text-editor .elementor-drop-cap{float:left;text-align:center;line-height:1;font-size:50px}.elementor-widget-text-editor .elementor-drop-cap-letter{display:inline-block}<\/style>\t\t\t\t<ul>\n<li>Generalidades<\/li>\n<li>Fines y objetivos del partido<\/li>\n<li>Afiliados y procedimiento de afiliaci\u00f3n<\/li>\n<li>\u00d3rganos del partido<\/li>\n<li>\u00d3rganos de nivel nacional<\/li>\n<li>\u00d3rganos descentralizados<\/li>\n<\/ul>\t\t\t\t\t\t<\/div>\n\t\t\t\t<\/div>\n\t\t\t\t<div class=\"elementor-element elementor-element-36b5ca4 elementor-align-center elementor-widget elementor-widget-button\" data-id=\"36b5ca4\" data-element_type=\"widget\" data-widget_type=\"button.default\">\n\t\t\t\t<div class=\"elementor-widget-container\">\n\t\t\t\t\t<div class=\"elementor-button-wrapper\">\n\t\t\t<a class=\"elementor-button elementor-button-link elementor-size-sm\" href=\"https:\/\/www.fuerzamoderna.org.pe\/?p=2067\">\n\t\t\t\t\t\t<span class=\"elementor-button-content-wrapper\">\n\t\t\t\t\t\t<span class=\"elementor-button-text\">DESCARGAR<\/span>\n\t\t<\/span>\n\t\t\t\t\t<\/a>\n\t\t<\/div>\n\t\t\t\t<\/div>\n\t\t\t\t<\/div>\n\t\t\t\t\t<\/div>\n\t\t<\/div>\n\t\t\t\t\t\t\t<\/div>\n\t\t<\/section>\n\t\t\t\t<section class=\"elementor-section elementor-top-section elementor-element elementor-element-c24c3ba elementor-section-boxed elementor-section-height-default elementor-section-height-default\" data-id=\"c24c3ba\" data-element_type=\"section\" data-settings=\"{&quot;background_background&quot;:&quot;classic&quot;}\">\n\t\t\t\t\t\t<div class=\"elementor-container elementor-column-gap-default\">\n\t\t\t\t\t<div class=\"elementor-column elementor-col-50 elementor-top-column elementor-element elementor-element-56dfd80\" data-id=\"56dfd80\" data-element_type=\"column\">\n\t\t\t<div class=\"elementor-widget-wrap elementor-element-populated\">\n\t\t\t\t\t\t\t\t<div class=\"elementor-element elementor-element-d1c7b43 elementor-widget elementor-widget-heading\" data-id=\"d1c7b43\" data-element_type=\"widget\" data-widget_type=\"heading.default\">\n\t\t\t\t<div class=\"elementor-widget-container\">\n\t\t\t<h2 class=\"elementor-heading-title elementor-size-default\">CONOCE NUESTRO <br>REGLAMENTO ELECTORAL<\/h2>\t\t<\/div>\n\t\t\t\t<\/div>\n\t\t\t\t<div class=\"elementor-element elementor-element-25e9e96 elementor-widget elementor-widget-text-editor\" data-id=\"25e9e96\" data-element_type=\"widget\" data-widget_type=\"text-editor.default\">\n\t\t\t\t<div class=\"elementor-widget-container\">\n\t\t\t\t\t\t\t<ul>\n<li>Disposiciones Generales<\/li>\n<li>Estructura&nbsp; partidaria electoral&nbsp;<\/li>\n<li>Elecci\u00f3n de autoridades partidarias, delegados y candidatos a cargo de elecci\u00f3n popular&nbsp;<\/li><li>De las garantias del proceso electoral<\/li>\n<\/ul>\t\t\t\t\t\t<\/div>\n\t\t\t\t<\/div>\n\t\t\t\t<div class=\"elementor-element elementor-element-691d1b1 elementor-align-center elementor-widget elementor-widget-button\" data-id=\"691d1b1\" data-element_type=\"widget\" data-widget_type=\"button.default\">\n\t\t\t\t<div class=\"elementor-widget-container\">\n\t\t\t\t\t<div class=\"elementor-button-wrapper\">\n\t\t\t<a class=\"elementor-button elementor-button-link elementor-size-sm\" href=\"http:\/\/www.fuerzamoderna.org.pe\/wp-content\/uploads\/2025\/03\/Reglamento-electoral-nueva-version-2025-1.pdf\">\n\t\t\t\t\t\t<span class=\"elementor-button-content-wrapper\">\n\t\t\t\t\t\t<span class=\"elementor-button-text\">DESCARGA <\/span>\n\t\t<\/span>\n\t\t\t\t\t<\/a>\n\t\t<\/div>\n\t\t\t\t<\/div>\n\t\t\t\t<\/div>\n\t\t\t\t\t<\/div>\n\t\t<\/div>\n\t\t\t\t<div class=\"elementor-column elementor-col-50 elementor-top-column elementor-element elementor-element-8cc35ac\" data-id=\"8cc35ac\" data-element_type=\"column\">\n\t\t\t<div class=\"elementor-widget-wrap elementor-element-populated\">\n\t\t\t\t\t\t\t\t<div class=\"elementor-element elementor-element-136a48a elementor-widget elementor-widget-image\" data-id=\"136a48a\" data-element_type=\"widget\" data-widget_type=\"image.default\">\n\t\t\t\t<div class=\"elementor-widget-container\">\n\t\t\t\t\t\t\t\t\t\t\t\t\t\t\t<img loading=\"lazy\" decoding=\"async\" width=\"695\" height=\"808\" src=\"https:\/\/www.fuerzamoderna.org.pe\/wp-content\/uploads\/2023\/12\/REGLAMENTO-ELECTORAL.png\" class=\"attachment-large size-large wp-image-970\" alt=\"\" srcset=\"https:\/\/www.fuerzamoderna.org.pe\/wp-content\/uploads\/2023\/12\/REGLAMENTO-ELECTORAL.png 695w, https:\/\/www.fuerzamoderna.org.pe\/wp-content\/uploads\/2023\/12\/REGLAMENTO-ELECTORAL-258x300.png 258w\" sizes=\"auto, (max-width: 695px) 100vw, 695px\" \/>\t\t\t\t\t\t\t\t\t\t\t\t\t\t\t<\/div>\n\t\t\t\t<\/div>\n\t\t\t\t\t<\/div>\n\t\t<\/div>\n\t\t\t\t\t\t\t<\/div>\n\t\t<\/section>\n\t\t\t\t\t\t\t<\/div>\n\t\t","protected":false},"excerpt":{"rendered":"<p>CEN &#8211; COMITE EJECUTIVO NACIONAL Acta de Fundaci\u00f3n del Partido Pol\u00edticoFuerza Moderna DESCARGAR Conoce nuestro Estatuto Generalidades Fines y objetivos del partido Afiliados y procedimiento de afiliaci\u00f3n \u00d3rganos del partido \u00d3rganos de nivel nacional \u00d3rganos descentralizados DESCARGAR CONOCE NUESTRO REGLAMENTO ELECTORAL Disposiciones Generales Estructura&nbsp; partidaria electoral&nbsp; Elecci\u00f3n de autoridades partidarias, delegados y candidatos a cargo &hellip;<\/p>\n<p class=\"read-more\"> <a class=\"\" href=\"https:\/\/www.fuerzamoderna.org.pe\/?page_id=328\"> <span class=\"screen-reader-text\">Sobre Nosotros<\/span> Read More &raquo;<\/a><\/p>\n","protected":false},"author":1,"featured_media":0,"parent":0,"menu_order":0,"comment_status":"closed","ping_status":"closed","template":"","meta":{"site-sidebar-layout":"no-sidebar","site-content-layout":"","ast-site-content-layout":"full-width-container","site-content-style":"default","site-sidebar-style":"default","ast-global-header-display":"","ast-banner-title-visibility":"","ast-main-header-display":"","ast-hfb-above-header-display":"","ast-hfb-below-header-display":"","ast-hfb-mobile-header-display":"","site-post-title":"disabled","ast-breadcrumbs-content":"","ast-featured-img":"disabled","footer-sml-layout":"","theme-transparent-header-meta":"","adv-header-id-meta":"","stick-header-meta":"","header-above-stick-meta":"","header-main-stick-meta":"","header-below-stick-meta":"","astra-migrate-meta-layouts":"","footnotes":""},"class_list":["post-328","page","type-page","status-publish","hentry"],"yoast_head":"<!-- This site is optimized with the Yoast SEO plugin v21.6 - https:\/\/yoast.com\/wordpress\/plugins\/seo\/ -->\n<title>Sobre Nosotros - Fuerza Moderna<\/title>\n<meta name=\"robots\" content=\"index, follow, max-snippet:-1, max-image-preview:large, max-video-preview:-1\" \/>\n<link rel=\"canonical\" href=\"https:\/\/www.fuerzamoderna.org.pe\/?page_id=328\" \/>\n<meta property=\"og:locale\" content=\"es_ES\" \/>\n<meta property=\"og:type\" content=\"article\" \/>\n<meta property=\"og:title\" content=\"Sobre Nosotros - Fuerza Moderna\" \/>\n<meta property=\"og:description\" content=\"CEN &#8211; COMITE EJECUTIVO NACIONAL Acta de Fundaci\u00f3n del Partido Pol\u00edticoFuerza Moderna DESCARGAR Conoce nuestro Estatuto Generalidades Fines y objetivos del partido Afiliados y procedimiento de afiliaci\u00f3n \u00d3rganos del partido \u00d3rganos de nivel nacional \u00d3rganos descentralizados DESCARGAR CONOCE NUESTRO REGLAMENTO ELECTORAL Disposiciones Generales Estructura&nbsp; partidaria electoral&nbsp; Elecci\u00f3n de autoridades partidarias, delegados y candidatos a cargo &hellip; Sobre Nosotros Read More &raquo;\" \/>\n<meta property=\"og:url\" content=\"https:\/\/www.fuerzamoderna.org.pe\/?page_id=328\" \/>\n<meta property=\"og:site_name\" content=\"Fuerza Moderna\" \/>\n<meta property=\"article:modified_time\" content=\"2025-03-27T21:03:26+00:00\" \/>\n<meta property=\"og:image\" content=\"http:\/\/www.fuerzamoderna.org.pe\/wp-content\/uploads\/2023\/12\/CEN1-e1702417685580.png\" \/>\n<meta name=\"twitter:card\" content=\"summary_large_image\" \/>\n<meta name=\"twitter:label1\" content=\"Est. reading time\" \/>\n\t<meta name=\"twitter:data1\" content=\"1 minuto\" \/>\n<script type=\"application\/ld+json\" class=\"yoast-schema-graph\">{\"@context\":\"https:\/\/schema.org\",\"@graph\":[{\"@type\":\"WebPage\",\"@id\":\"https:\/\/www.fuerzamoderna.org.pe\/?page_id=328\",\"url\":\"https:\/\/www.fuerzamoderna.org.pe\/?page_id=328\",\"name\":\"Sobre Nosotros - Fuerza Moderna\",\"isPartOf\":{\"@id\":\"https:\/\/www.fuerzamoderna.org.pe\/#website\"},\"datePublished\":\"2023-10-08T07:24:09+00:00\",\"dateModified\":\"2025-03-27T21:03:26+00:00\",\"breadcrumb\":{\"@id\":\"https:\/\/www.fuerzamoderna.org.pe\/?page_id=328#breadcrumb\"},\"inLanguage\":\"es-PE\",\"potentialAction\":[{\"@type\":\"ReadAction\",\"target\":[\"https:\/\/www.fuerzamoderna.org.pe\/?page_id=328\"]}]},{\"@type\":\"BreadcrumbList\",\"@id\":\"https:\/\/www.fuerzamoderna.org.pe\/?page_id=328#breadcrumb\",\"itemListElement\":[{\"@type\":\"ListItem\",\"position\":1,\"name\":\"Portada\",\"item\":\"https:\/\/www.fuerzamoderna.org.pe\/\"},{\"@type\":\"ListItem\",\"position\":2,\"name\":\"Sobre Nosotros\"}]},{\"@type\":\"WebSite\",\"@id\":\"https:\/\/www.fuerzamoderna.org.pe\/#website\",\"url\":\"https:\/\/www.fuerzamoderna.org.pe\/\",\"name\":\"Fuerza Moderna\",\"description\":\"\",\"publisher\":{\"@id\":\"https:\/\/www.fuerzamoderna.org.pe\/#organization\"},\"potentialAction\":[{\"@type\":\"SearchAction\",\"target\":{\"@type\":\"EntryPoint\",\"urlTemplate\":\"https:\/\/www.fuerzamoderna.org.pe\/?s={search_term_string}\"},\"query-input\":\"required name=search_term_string\"}],\"inLanguage\":\"es-PE\"},{\"@type\":\"Organization\",\"@id\":\"https:\/\/www.fuerzamoderna.org.pe\/#organization\",\"name\":\"Fuerza Moderna\",\"url\":\"https:\/\/www.fuerzamoderna.org.pe\/\",\"logo\":{\"@type\":\"ImageObject\",\"inLanguage\":\"es-PE\",\"@id\":\"https:\/\/www.fuerzamoderna.org.pe\/#\/schema\/logo\/image\/\",\"url\":\"https:\/\/www.fuerzamoderna.org.pe\/wp-content\/uploads\/2023\/10\/fm3.png\",\"contentUrl\":\"https:\/\/www.fuerzamoderna.org.pe\/wp-content\/uploads\/2023\/10\/fm3.png\",\"width\":80,\"height\":80,\"caption\":\"Fuerza Moderna\"},\"image\":{\"@id\":\"https:\/\/www.fuerzamoderna.org.pe\/#\/schema\/logo\/image\/\"}}]}<\/script>\n<!-- \/ Yoast SEO plugin. -->","yoast_head_json":{"title":"Sobre Nosotros - Fuerza Moderna","robots":{"index":"index","follow":"follow","max-snippet":"max-snippet:-1","max-image-preview":"max-image-preview:large","max-video-preview":"max-video-preview:-1"},"canonical":"https:\/\/www.fuerzamoderna.org.pe\/?page_id=328","og_locale":"es_ES","og_type":"article","og_title":"Sobre Nosotros - Fuerza Moderna","og_description":"CEN &#8211; COMITE EJECUTIVO NACIONAL Acta de Fundaci\u00f3n del Partido Pol\u00edticoFuerza Moderna DESCARGAR Conoce nuestro Estatuto Generalidades Fines y objetivos del partido Afiliados y procedimiento de afiliaci\u00f3n \u00d3rganos del partido \u00d3rganos de nivel nacional \u00d3rganos descentralizados DESCARGAR CONOCE NUESTRO REGLAMENTO ELECTORAL Disposiciones Generales Estructura&nbsp; partidaria electoral&nbsp; Elecci\u00f3n de autoridades partidarias, delegados y candidatos a cargo &hellip; Sobre Nosotros Read More &raquo;","og_url":"https:\/\/www.fuerzamoderna.org.pe\/?page_id=328","og_site_name":"Fuerza Moderna","article_modified_time":"2025-03-27T21:03:26+00:00","og_image":[{"url":"http:\/\/www.fuerzamoderna.org.pe\/wp-content\/uploads\/2023\/12\/CEN1-e1702417685580.png"}],"twitter_card":"summary_large_image","twitter_misc":{"Est. reading time":"1 minuto"},"schema":{"@context":"https:\/\/schema.org","@graph":[{"@type":"WebPage","@id":"https:\/\/www.fuerzamoderna.org.pe\/?page_id=328","url":"https:\/\/www.fuerzamoderna.org.pe\/?page_id=328","name":"Sobre Nosotros - Fuerza Moderna","isPartOf":{"@id":"https:\/\/www.fuerzamoderna.org.pe\/#website"},"datePublished":"2023-10-08T07:24:09+00:00","dateModified":"2025-03-27T21:03:26+00:00","breadcrumb":{"@id":"https:\/\/www.fuerzamoderna.org.pe\/?page_id=328#breadcrumb"},"inLanguage":"es-PE","potentialAction":[{"@type":"ReadAction","target":["https:\/\/www.fuerzamoderna.org.pe\/?page_id=328"]}]},{"@type":"BreadcrumbList","@id":"https:\/\/www.fuerzamoderna.org.pe\/?page_id=328#breadcrumb","itemListElement":[{"@type":"ListItem","position":1,"name":"Portada","item":"https:\/\/www.fuerzamoderna.org.pe\/"},{"@type":"ListItem","position":2,"name":"Sobre Nosotros"}]},{"@type":"WebSite","@id":"https:\/\/www.fuerzamoderna.org.pe\/#website","url":"https:\/\/www.fuerzamoderna.org.pe\/","name":"Fuerza Moderna","description":"","publisher":{"@id":"https:\/\/www.fuerzamoderna.org.pe\/#organization"},"potentialAction":[{"@type":"SearchAction","target":{"@type":"EntryPoint","urlTemplate":"https:\/\/www.fuerzamoderna.org.pe\/?s={search_term_string}"},"query-input":"required name=search_term_string"}],"inLanguage":"es-PE"},{"@type":"Organization","@id":"https:\/\/www.fuerzamoderna.org.pe\/#organization","name":"Fuerza Moderna","url":"https:\/\/www.fuerzamoderna.org.pe\/","logo":{"@type":"ImageObject","inLanguage":"es-PE","@id":"https:\/\/www.fuerzamoderna.org.pe\/#\/schema\/logo\/image\/","url":"https:\/\/www.fuerzamoderna.org.pe\/wp-content\/uploads\/2023\/10\/fm3.png","contentUrl":"https:\/\/www.fuerzamoderna.org.pe\/wp-content\/uploads\/2023\/10\/fm3.png","width":80,"height":80,"caption":"Fuerza Moderna"},"image":{"@id":"https:\/\/www.fuerzamoderna.org.pe\/#\/schema\/logo\/image\/"}}]}},"_links":{"self":[{"href":"https:\/\/www.fuerzamoderna.org.pe\/index.php?rest_route=\/wp\/v2\/pages\/328","targetHints":{"allow":["GET"]}}],"collection":[{"href":"https:\/\/www.fuerzamoderna.org.pe\/index.php?rest_route=\/wp\/v2\/pages"}],"about":[{"href":"https:\/\/www.fuerzamoderna.org.pe\/index.php?rest_route=\/wp\/v2\/types\/page"}],"author":[{"embeddable":true,"href":"https:\/\/www.fuerzamoderna.org.pe\/index.php?rest_route=\/wp\/v2\/users\/1"}],"replies":[{"embeddable":true,"href":"https:\/\/www.fuerzamoderna.org.pe\/index.php?rest_route=%2Fwp%2Fv2%2Fcomments&post=328"}],"version-history":[{"count":67,"href":"https:\/\/www.fuerzamoderna.org.pe\/index.php?rest_route=\/wp\/v2\/pages\/328\/revisions"}],"predecessor-version":[{"id":2089,"href":"https:\/\/www.fuerzamoderna.org.pe\/index.php?rest_route=\/wp\/v2\/pages\/328\/revisions\/2089"}],"wp:attachment":[{"href":"https:\/\/www.fuerzamoderna.org.pe\/index.php?rest_route=%2Fwp%2Fv2%2Fmedia&parent=328"}],"curies":[{"name":"wp","href":"https:\/\/api.w.org\/{rel}","templated":true}]}}